{"id":510,"date":"2019-03-06T08:02:47","date_gmt":"2019-03-06T08:02:47","guid":{"rendered":"http:\/\/mau2.maudep.com.vn\/mypham\/?page_id=510"},"modified":"2023-06-20T07:39:19","modified_gmt":"2023-06-20T07:39:19","slug":"lien-he","status":"publish","type":"page","link":"https:\/\/xucxich.mauthemewp.net\/?page_id=510","title":{"rendered":"Li\u00ean h\u1ec7"},"content":{"rendered":"\n\t<section class=\"section lh_01\" id=\"section_1489809047\">\n\t\t<div class=\"section-bg fill\" >\n\t\t\t\t\t\t\t\t\t\n\t\t\t\n\n\t\t<\/div>\n\n\t\t\n\n\t\t<div class=\"section-content relative\">\n\t\t\t\n<div class=\"row\"  id=\"row-1636649273\">\n\n\t<div id=\"col-46931372\" class=\"col small-12 large-12\"  >\n\t\t\t\t<div class=\"col-inner\"  >\n\t\t\t\n\t\t\t\n<h1><strong><span style=\"color: #981c1e; font-size: 1.2em;\">Th\u00f4ng tin li\u00ean h\u1ec7<\/span><\/strong><\/h1>\n\n<p><iframe src=\"https:\/\/www.google.com\/maps\/embed?pb=!1m18!1m12!1m3!1d3723.089795636722!2d105.80690187437237!3d21.069075486394382!2m3!1f0!2f0!3f0!3m2!1i1024!2i768!4f13.1!3m3!1m2!1s0x3135ab2931471a61%3A0xde0b6e1969870668!2sC%C3%B4ng%20ty%20TNHH%20Gama%20Food%20Service!5e0!3m2!1svi!2s!4v1687246367844!5m2!1svi!2s\" width=\"100%\" height=\"450\" style=\"border:0;\" allowfullscreen=\"\" loading=\"lazy\" referrerpolicy=\"no-referrer-when-downgrade\"><\/iframe><br \/>\n\n<h3><strong>C\u00d4NG TY TNHH GAMA FOOD SERVICE<\/strong><\/h3>\n<p><strong>\u0110\u1ecba ch\u1ec9:<\/strong> T\u1ea7ng 1 s\u1ed1 5+6 D\u00e3y N1 Khu \u0111\u00f4 th\u1ecb H\u1ed3ng H\u00e0, S\u1ed1 1 \u0110\u01b0\u1eddng Nguy\u1ec5n Ho\u00e0ng T\u00f4n, Ph\u01b0\u1eddng Xu\u00e2n La, Qu\u1eadn T\u00e2y H\u1ed3, H\u00e0 N\u1ed9i<\/p>\n<p><strong>\u0110i\u1ec7n tho\u1ea1i<\/strong>: <a href=\"tel:0243 207 6066\">0243 207 6066<\/a> &#8211; <a href=\"tel:0906030984\">0906030984<\/a><\/p>\n<p><strong>Email<\/strong>: gamafs.ltd@gmail.com<\/p>\n\t\t<\/div>\n\t\t\t\t\t<\/div>\n\n\t\n\n<style>\n#row-1636649273 > .col > .col-inner {\n  padding: 30px 0px 0px 0px;\n}\n<\/style>\n<\/div>\n\t\t<\/div>\n\n\t\t\n<style>\n#section_1489809047 {\n  padding-top: 30px;\n  padding-bottom: 30px;\n}\n<\/style>\n\t<\/section>\n\t\n","protected":false},"excerpt":{"rendered":"","protected":false},"author":1,"featured_media":0,"parent":0,"menu_order":6,"comment_status":"closed","ping_status":"closed","template":"page-blank.php","meta":{"footnotes":""},"class_list":["post-510","page","type-page","status-publish","hentry"],"yoast_head":"<!-- This site is optimized with the Yoast SEO plugin v23.4 - https:\/\/yoast.com\/wordpress\/plugins\/seo\/ -->\n<title>C\u00f4ng Ty C\u1ed5 Ph\u1ea7n \u0110\u1ed3 H\u1ed9p H\u1ea1 Long<\/title>\n<meta name=\"robots\" content=\"index, follow, max-snippet:-1, max-image-preview:large, max-video-preview:-1\" \/>\n<link rel=\"canonical\" href=\"https:\/\/xucxich.mauthemewp.net\/?page_id=510\" \/>\n<meta property=\"og:locale\" content=\"vi_VN\" \/>\n<meta property=\"og:type\" content=\"article\" \/>\n<meta property=\"og:title\" content=\"C\u00f4ng Ty C\u1ed5 Ph\u1ea7n \u0110\u1ed3 H\u1ed9p H\u1ea1 Long\" \/>\n<meta property=\"og:url\" content=\"https:\/\/xucxich.mauthemewp.net\/?page_id=510\" \/>\n<meta property=\"og:site_name\" content=\"C\u00f4ng Ty C\u1ed5 Ph\u1ea7n \u0110\u1ed3 H\u1ed9p H\u1ea1 Long\" \/>\n<meta property=\"article:modified_time\" content=\"2023-06-20T07:39:19+00:00\" \/>\n<meta name=\"twitter:card\" content=\"summary_large_image\" \/>\n<meta name=\"twitter:label1\" content=\"\u01af\u1edbc t\u00ednh th\u1eddi gian \u0111\u1ecdc\" \/>\n\t<meta name=\"twitter:data1\" content=\"1 ph\u00fat\" \/>\n<script type=\"application\/ld+json\" class=\"yoast-schema-graph\">{\"@context\":\"https:\/\/schema.org\",\"@graph\":[{\"@type\":\"WebPage\",\"@id\":\"https:\/\/xucxich.mauthemewp.net\/?page_id=510\",\"url\":\"https:\/\/xucxich.mauthemewp.net\/?page_id=510\",\"name\":\"C\u00f4ng Ty C\u1ed5 Ph\u1ea7n \u0110\u1ed3 H\u1ed9p H\u1ea1 Long\",\"isPartOf\":{\"@id\":\"https:\/\/xucxich.mauthemewp.net\/#website\"},\"datePublished\":\"2019-03-06T08:02:47+00:00\",\"dateModified\":\"2023-06-20T07:39:19+00:00\",\"breadcrumb\":{\"@id\":\"https:\/\/xucxich.mauthemewp.net\/?page_id=510#breadcrumb\"},\"inLanguage\":\"vi\",\"potentialAction\":[{\"@type\":\"ReadAction\",\"target\":[\"https:\/\/xucxich.mauthemewp.net\/?page_id=510\"]}]},{\"@type\":\"BreadcrumbList\",\"@id\":\"https:\/\/xucxich.mauthemewp.net\/?page_id=510#breadcrumb\",\"itemListElement\":[{\"@type\":\"ListItem\",\"position\":1,\"name\":\"Trang ch\u1ee7\",\"item\":\"https:\/\/xucxich.mauthemewp.net\/\"},{\"@type\":\"ListItem\",\"position\":2,\"name\":\"Li\u00ean h\u1ec7\"}]},{\"@type\":\"WebSite\",\"@id\":\"https:\/\/xucxich.mauthemewp.net\/#website\",\"url\":\"https:\/\/xucxich.mauthemewp.net\/\",\"name\":\"C\u00f4ng Ty C\u1ed5 Ph\u1ea7n \u0110\u1ed3 H\u1ed9p H\u1ea1 Long\",\"description\":\"\",\"potentialAction\":[{\"@type\":\"SearchAction\",\"target\":{\"@type\":\"EntryPoint\",\"urlTemplate\":\"https:\/\/xucxich.mauthemewp.net\/?s={search_term_string}\"},\"query-input\":{\"@type\":\"PropertyValueSpecification\",\"valueRequired\":true,\"valueName\":\"search_term_string\"}}],\"inLanguage\":\"vi\"}]}<\/script>\n<!-- \/ Yoast SEO plugin. -->","yoast_head_json":{"title":"C\u00f4ng Ty C\u1ed5 Ph\u1ea7n \u0110\u1ed3 H\u1ed9p H\u1ea1 Long","robots":{"index":"index","follow":"follow","max-snippet":"max-snippet:-1","max-image-preview":"max-image-preview:large","max-video-preview":"max-video-preview:-1"},"canonical":"https:\/\/xucxich.mauthemewp.net\/?page_id=510","og_locale":"vi_VN","og_type":"article","og_title":"C\u00f4ng Ty C\u1ed5 Ph\u1ea7n \u0110\u1ed3 H\u1ed9p H\u1ea1 Long","og_url":"https:\/\/xucxich.mauthemewp.net\/?page_id=510","og_site_name":"C\u00f4ng Ty C\u1ed5 Ph\u1ea7n \u0110\u1ed3 H\u1ed9p H\u1ea1 Long","article_modified_time":"2023-06-20T07:39:19+00:00","twitter_card":"summary_large_image","twitter_misc":{"\u01af\u1edbc t\u00ednh th\u1eddi gian \u0111\u1ecdc":"1 ph\u00fat"},"schema":{"@context":"https:\/\/schema.org","@graph":[{"@type":"WebPage","@id":"https:\/\/xucxich.mauthemewp.net\/?page_id=510","url":"https:\/\/xucxich.mauthemewp.net\/?page_id=510","name":"C\u00f4ng Ty C\u1ed5 Ph\u1ea7n \u0110\u1ed3 H\u1ed9p H\u1ea1 Long","isPartOf":{"@id":"https:\/\/xucxich.mauthemewp.net\/#website"},"datePublished":"2019-03-06T08:02:47+00:00","dateModified":"2023-06-20T07:39:19+00:00","breadcrumb":{"@id":"https:\/\/xucxich.mauthemewp.net\/?page_id=510#breadcrumb"},"inLanguage":"vi","potentialAction":[{"@type":"ReadAction","target":["https:\/\/xucxich.mauthemewp.net\/?page_id=510"]}]},{"@type":"BreadcrumbList","@id":"https:\/\/xucxich.mauthemewp.net\/?page_id=510#breadcrumb","itemListElement":[{"@type":"ListItem","position":1,"name":"Trang ch\u1ee7","item":"https:\/\/xucxich.mauthemewp.net\/"},{"@type":"ListItem","position":2,"name":"Li\u00ean h\u1ec7"}]},{"@type":"WebSite","@id":"https:\/\/xucxich.mauthemewp.net\/#website","url":"https:\/\/xucxich.mauthemewp.net\/","name":"C\u00f4ng Ty C\u1ed5 Ph\u1ea7n \u0110\u1ed3 H\u1ed9p H\u1ea1 Long","description":"","potentialAction":[{"@type":"SearchAction","target":{"@type":"EntryPoint","urlTemplate":"https:\/\/xucxich.mauthemewp.net\/?s={search_term_string}"},"query-input":{"@type":"PropertyValueSpecification","valueRequired":true,"valueName":"search_term_string"}}],"inLanguage":"vi"}]}},"_links":{"self":[{"href":"https:\/\/xucxich.mauthemewp.net\/index.php?rest_route=\/wp\/v2\/pages\/510"}],"collection":[{"href":"https:\/\/xucxich.mauthemewp.net\/index.php?rest_route=\/wp\/v2\/pages"}],"about":[{"href":"https:\/\/xucxich.mauthemewp.net\/index.php?rest_route=\/wp\/v2\/types\/page"}],"author":[{"embeddable":true,"href":"https:\/\/xucxich.mauthemewp.net\/index.php?rest_route=\/wp\/v2\/users\/1"}],"replies":[{"embeddable":true,"href":"https:\/\/xucxich.mauthemewp.net\/index.php?rest_route=%2Fwp%2Fv2%2Fcomments&post=510"}],"version-history":[{"count":14,"href":"https:\/\/xucxich.mauthemewp.net\/index.php?rest_route=\/wp\/v2\/pages\/510\/revisions"}],"predecessor-version":[{"id":2981,"href":"https:\/\/xucxich.mauthemewp.net\/index.php?rest_route=\/wp\/v2\/pages\/510\/revisions\/2981"}],"wp:attachment":[{"href":"https:\/\/xucxich.mauthemewp.net\/index.php?rest_route=%2Fwp%2Fv2%2Fmedia&parent=510"}],"curies":[{"name":"wp","href":"https:\/\/api.w.org\/{rel}","templated":true}]}}