{"id":3063,"date":"2023-06-22T03:35:24","date_gmt":"2023-06-22T03:35:24","guid":{"rendered":"https:\/\/luan.webrt.net\/whosale\/?post_type=product&#038;p=3063"},"modified":"2023-06-24T03:24:13","modified_gmt":"2023-06-24T03:24:13","slug":"pb002-burger-heo-vi-ot-chuong-500g-co-hang","status":"publish","type":"product","link":"https:\/\/xucxich.mauthemewp.net\/?product=pb002-burger-heo-vi-ot-chuong-500g-co-hang","title":{"rendered":"PB002 &#8211; Burger Heo V\u1ecb \u1edat Chu\u00f4ng (500g) &#8211; (C\u00f3 h\u00e0ng)"},"content":{"rendered":"<p>Theo Reuters, l\u1eddi \u0111\u1ec1 ngh\u1ecb c\u1ee7a ph\u00eda Qatar gi\u1edd \u0111\u00e3 \u0111\u01b0\u1ee3c nh\u00e0 Glazer \u01b0u \u00e1i b\u1edfi s\u1ed1 ti\u1ec1n l\u1edbn c\u1ed9ng th\u00eam vi\u1ec7c x\u00f3a n\u1ee3 cho CLB. \u00dd \u0111\u1ecbnh c\u1ee7a ph\u00eda Qatar v\u1eabn nh\u01b0 \u0111\u00e3 \u0111\u01b0a tin trong c\u00e1c b\u1ea3n tin tr\u01b0\u1edbc: Nh\u00e0 Glazer s\u1ebd ph\u1ea3i b\u00e1n 100% c\u1ed5 ph\u1ea7n CLB cho Nine Two Foundation v\u00e0 kh\u00f4ng c\u00f2n n\u1eafm c\u1ed5 ph\u1ea7n thi\u1ec3u s\u1ed1, trong khi \u0111\u1ec1 ngh\u1ecb c\u1ee7a INEOS cho ph\u00e9p gia \u0111\u00ecnh t\u00e0i phi\u1ec7t \u0111\u1ebfn t\u1eeb M\u1ef9 v\u1eabn \u0111\u01b0\u1ee3c gi\u1eef c\u1ed5 ph\u1ea7n.<\/p>\n<p>Ngu\u1ed3n tin cho hay v\u1edbi vi\u1ec7c MU \u0111\u00e0m ph\u00e1n \u0111\u1ed9c quy\u1ec1n v\u1edbi Qatar, INEOS c\u1ee7a t\u1ef7 ph\u00fa\u00a0Jim Ratcliffe\u00a0s\u1ebd kh\u00f4ng th\u1ec3 \u0111\u01b0\u1ee3c ch\u1ea5p nh\u1eadn d\u00f9 v\u1edbi m\u1ee9c gi\u00e1 n\u00e0o v\u00e0 c\u0169ng s\u1ebd kh\u00f4ng c\u00f3 th\u00eam b\u00ean n\u00e0o \u0111\u01b0\u1ee3c ra gi\u00e1 mua MU n\u1eefa. Nh\u01b0ng giai \u0111o\u1ea1n n\u00e0y k\u00e9o d\u00e0i bao l\u00e2u v\u1eabn l\u00e0 d\u1ea5u h\u1ecfi v\u00e0 n\u1ebfu cu\u1ed9c \u0111\u00e0m ph\u00e1n kh\u00f4ng \u0111\u1ea1t k\u1ebft qu\u1ea3, nh\u00e0 Glazer s\u1ebd tr\u1edf l\u1ea1i m\u1edf c\u1eeda ti\u1ebfp nh\u1eadn nh\u1eefng \u0111\u1ec1 ngh\u1ecb m\u1edbi.<\/p>\n<p>Reuters cho bi\u1ebft ngu\u1ed3n c\u1ee7a th\u00f4ng tin n\u00e0y \u0111\u1ec1 ngh\u1ecb gi\u1ea5u t\u00ean do \u0111\u00e2y l\u00e0 v\u1ea5n \u0111\u1ec1 m\u1eadt, v\u00e0 \u0111\u1ea1i di\u1ec7n c\u1ee7a ph\u00eda MU l\u1eabn Sheikh Jassim ch\u01b0a \u0111\u01b0a ra b\u00ecnh lu\u1eadn n\u00e0o v\u1ec1 th\u00f4ng tin n\u00e0y. Nh\u01b0ng nh\u00e0 b\u00e1o Ben Jacobs c\u1ee7a CBS Sports, ng\u01b0\u1eddi c\u00f3 ngu\u1ed3n tin trong n\u1ed9i b\u1ed9 MU, l\u1ea1i kh\u1eb3ng \u0111\u1ecbnh kh\u00f4ng h\u1ec1 c\u00f3 chuy\u1ec7n Qatar \u0111\u01b0\u1ee3c \u0111\u1ed9c quy\u1ec1n \u0111\u00e0m ph\u00e1n.<\/p>\n<p><img loading=\"lazy\" decoding=\"async\" class=\"aligncenter size-full wp-image-2885\" src=\"https:\/\/luan.webrt.net\/whosale\/wp-content\/uploads\/2023\/06\/thick-meat-sausages-thick-meat-sausages-natural-shell-spices-wooden-background-selective-focus-123562335-1.jpg\" alt=\"\" width=\"800\" height=\"530\" srcset=\"https:\/\/xucxich.mauthemewp.net\/wp-content\/uploads\/2023\/06\/thick-meat-sausages-thick-meat-sausages-natural-shell-spices-wooden-background-selective-focus-123562335-1.jpg 800w, https:\/\/xucxich.mauthemewp.net\/wp-content\/uploads\/2023\/06\/thick-meat-sausages-thick-meat-sausages-natural-shell-spices-wooden-background-selective-focus-123562335-1-400x265.jpg 400w, https:\/\/xucxich.mauthemewp.net\/wp-content\/uploads\/2023\/06\/thick-meat-sausages-thick-meat-sausages-natural-shell-spices-wooden-background-selective-focus-123562335-1-604x400.jpg 604w, https:\/\/xucxich.mauthemewp.net\/wp-content\/uploads\/2023\/06\/thick-meat-sausages-thick-meat-sausages-natural-shell-spices-wooden-background-selective-focus-123562335-1-768x509.jpg 768w\" sizes=\"(max-width: 800px) 100vw, 800px\" \/><\/p>\n<p>Theo Reuters, l\u1eddi \u0111\u1ec1 ngh\u1ecb c\u1ee7a ph\u00eda Qatar gi\u1edd \u0111\u00e3 \u0111\u01b0\u1ee3c nh\u00e0 Glazer \u01b0u \u00e1i b\u1edfi s\u1ed1 ti\u1ec1n l\u1edbn c\u1ed9ng th\u00eam vi\u1ec7c x\u00f3a n\u1ee3 cho CLB. \u00dd \u0111\u1ecbnh c\u1ee7a ph\u00eda Qatar v\u1eabn nh\u01b0 \u0111\u00e3 \u0111\u01b0a tin trong c\u00e1c b\u1ea3n tin tr\u01b0\u1edbc: Nh\u00e0 Glazer s\u1ebd ph\u1ea3i b\u00e1n 100% c\u1ed5 ph\u1ea7n CLB cho Nine Two Foundation v\u00e0 kh\u00f4ng c\u00f2n n\u1eafm c\u1ed5 ph\u1ea7n thi\u1ec3u s\u1ed1, trong khi \u0111\u1ec1 ngh\u1ecb c\u1ee7a INEOS cho ph\u00e9p gia \u0111\u00ecnh t\u00e0i phi\u1ec7t \u0111\u1ebfn t\u1eeb M\u1ef9 v\u1eabn \u0111\u01b0\u1ee3c gi\u1eef c\u1ed5 ph\u1ea7n.<\/p>\n<p>Ngu\u1ed3n tin cho hay v\u1edbi vi\u1ec7c MU \u0111\u00e0m ph\u00e1n \u0111\u1ed9c quy\u1ec1n v\u1edbi Qatar, INEOS c\u1ee7a t\u1ef7 ph\u00fa\u00a0Jim Ratcliffe\u00a0s\u1ebd kh\u00f4ng th\u1ec3 \u0111\u01b0\u1ee3c ch\u1ea5p nh\u1eadn d\u00f9 v\u1edbi m\u1ee9c gi\u00e1 n\u00e0o v\u00e0 c\u0169ng s\u1ebd kh\u00f4ng c\u00f3 th\u00eam b\u00ean n\u00e0o \u0111\u01b0\u1ee3c ra gi\u00e1 mua MU n\u1eefa. Nh\u01b0ng giai \u0111o\u1ea1n n\u00e0y k\u00e9o d\u00e0i bao l\u00e2u v\u1eabn l\u00e0 d\u1ea5u h\u1ecfi v\u00e0 n\u1ebfu cu\u1ed9c \u0111\u00e0m ph\u00e1n kh\u00f4ng \u0111\u1ea1t k\u1ebft qu\u1ea3, nh\u00e0 Glazer s\u1ebd tr\u1edf l\u1ea1i m\u1edf c\u1eeda ti\u1ebfp nh\u1eadn nh\u1eefng \u0111\u1ec1 ngh\u1ecb m\u1edbi.<\/p>\n<p>Reuters cho bi\u1ebft ngu\u1ed3n c\u1ee7a th\u00f4ng tin n\u00e0y \u0111\u1ec1 ngh\u1ecb gi\u1ea5u t\u00ean do \u0111\u00e2y l\u00e0 v\u1ea5n \u0111\u1ec1 m\u1eadt, v\u00e0 \u0111\u1ea1i di\u1ec7n c\u1ee7a ph\u00eda MU l\u1eabn Sheikh Jassim ch\u01b0a \u0111\u01b0a ra b\u00ecnh lu\u1eadn n\u00e0o v\u1ec1 th\u00f4ng tin n\u00e0y. Nh\u01b0ng nh\u00e0 b\u00e1o Ben Jacobs c\u1ee7a CBS Sports, ng\u01b0\u1eddi c\u00f3 ngu\u1ed3n tin trong n\u1ed9i b\u1ed9 MU, l\u1ea1i kh\u1eb3ng \u0111\u1ecbnh kh\u00f4ng h\u1ec1 c\u00f3 chuy\u1ec7n Qatar \u0111\u01b0\u1ee3c \u0111\u1ed9c quy\u1ec1n \u0111\u00e0m ph\u00e1n.<\/p>\n","protected":false},"excerpt":{"rendered":"<p style=\"text-align: justify;\">Nh\u00e2n Burger Heo v\u1edbi h\u1ea1t ti\u00eau \u0111en, h\u1ea1t th\u00ec l\u00e0 v\u00e0 \u1edbt chu\u00f4ng. \u0110\u01b0\u1ee3c ch\u1ebf bi\u1ebfn t\u1eeb ngu\u1ed3n th\u1ecbt s\u1ea1ch t\u1eeb c\u00e1c trang tr\u1ea1i c\u00f3 ch\u1ee9ng nh\u1eadn ISO \u1edf Vi\u1ec7t Nam. M\u00f3n burger n\u00e0y h\u01b0\u1edbng \u0111\u1ebfn s\u1ef1 \u0111\u01a1n gi\u1ea3n v\u00e0 ch\u1ea5t l\u01b0\u1ee3ng, t\u1eeb h\u01b0\u01a1ng th\u01a1m, k\u1ebft c\u1ea5u v\u00e0 h\u01b0\u01a1ng v\u1ecb h\u00f2a quy\u1ec7n c\u1ee7a mu\u1ed1i, h\u1ea1t ti\u00eau \u0111en, \u1edbt chu\u00f4ng v\u00e0 th\u1ea3o m\u1ed9c t\u1ef1 nhi\u00ean tinh t\u1ebf. \u0110\u00e2y s\u1ebd l\u00e0 m\u00f3n kho\u00e1i kh\u1ea9u m\u1edbi c\u1ee7a c\u00e1c b\u1ea1n nh\u1ecf!<br \/>\nN\u1ebfu b\u1ea1n c\u00f3 nhu c\u1ea7u mua s\u1ed1 l\u01b0\u1ee3ng l\u1edbn vui l\u00f2ng truy c\u1eadp wholesale.gamafoodservice.com<br \/>\nho\u1eb7c li\u00ean h\u1ec7 ch\u00fang t\u00f4i qua:<\/p>\n<p style=\"text-align: justify;\">\u0110i\u1ec7n tho\u1ea1i: 0243 207 6066<\/p>\n<p style=\"text-align: justify;\">Email: gamafs.ltd@gmail.com<\/p>\n","protected":false},"featured_media":3064,"comment_status":"open","ping_status":"closed","template":"","meta":[],"product_cat":[206,208],"product_tag":[],"class_list":{"0":"post-3063","1":"product","2":"type-product","3":"status-publish","4":"has-post-thumbnail","6":"product_cat-nhan-thit-burger","7":"product_cat-tat-ca","9":"first","10":"instock","11":"shipping-taxable","12":"purchasable","13":"product-type-simple","14":"add-to-wishlist-after_add_to_cart"},"yoast_head":"<!-- This site is optimized with the Yoast SEO plugin v23.4 - https:\/\/yoast.com\/wordpress\/plugins\/seo\/ -->\n<title>PB002 - Burger Heo V\u1ecb \u1edat Chu\u00f4ng (500g) - (C\u00f3 h\u00e0ng) - C\u00f4ng Ty C\u1ed5 Ph\u1ea7n \u0110\u1ed3 H\u1ed9p H\u1ea1 Long<\/title>\n<meta name=\"robots\" content=\"index, follow, max-snippet:-1, max-image-preview:large, max-video-preview:-1\" \/>\n<link rel=\"canonical\" href=\"https:\/\/xucxich.mauthemewp.net\/?product=pb002-burger-heo-vi-ot-chuong-500g-co-hang\" \/>\n<meta property=\"og:locale\" content=\"vi_VN\" \/>\n<meta property=\"og:type\" content=\"article\" \/>\n<meta property=\"og:title\" content=\"PB002 - Burger Heo V\u1ecb \u1edat Chu\u00f4ng (500g) - (C\u00f3 h\u00e0ng) - C\u00f4ng Ty C\u1ed5 Ph\u1ea7n \u0110\u1ed3 H\u1ed9p H\u1ea1 Long\" \/>\n<meta property=\"og:description\" content=\"Nh\u00e2n Burger Heo v\u1edbi h\u1ea1t ti\u00eau \u0111en, h\u1ea1t th\u00ec l\u00e0 v\u00e0 \u1edbt chu\u00f4ng. \u0110\u01b0\u1ee3c ch\u1ebf bi\u1ebfn t\u1eeb ngu\u1ed3n th\u1ecbt s\u1ea1ch t\u1eeb c\u00e1c trang tr\u1ea1i c\u00f3 ch\u1ee9ng nh\u1eadn ISO \u1edf Vi\u1ec7t Nam. M\u00f3n burger n\u00e0y h\u01b0\u1edbng \u0111\u1ebfn s\u1ef1 \u0111\u01a1n gi\u1ea3n v\u00e0 ch\u1ea5t l\u01b0\u1ee3ng, t\u1eeb h\u01b0\u01a1ng th\u01a1m, k\u1ebft c\u1ea5u v\u00e0 h\u01b0\u01a1ng v\u1ecb h\u00f2a quy\u1ec7n c\u1ee7a mu\u1ed1i, h\u1ea1t ti\u00eau \u0111en, \u1edbt chu\u00f4ng v\u00e0 th\u1ea3o m\u1ed9c t\u1ef1 nhi\u00ean tinh t\u1ebf. \u0110\u00e2y s\u1ebd l\u00e0 m\u00f3n kho\u00e1i kh\u1ea9u m\u1edbi c\u1ee7a c\u00e1c b\u1ea1n nh\u1ecf! N\u1ebfu b\u1ea1n c\u00f3 nhu c\u1ea7u mua s\u1ed1 l\u01b0\u1ee3ng l\u1edbn vui l\u00f2ng truy c\u1eadp wholesale.gamafoodservice.com ho\u1eb7c li\u00ean h\u1ec7 ch\u00fang t\u00f4i qua: \u0110i\u1ec7n tho\u1ea1i: 0243 207 6066 Email: gamafs.ltd@gmail.com\" \/>\n<meta property=\"og:url\" content=\"https:\/\/xucxich.mauthemewp.net\/?product=pb002-burger-heo-vi-ot-chuong-500g-co-hang\" \/>\n<meta property=\"og:site_name\" content=\"C\u00f4ng Ty C\u1ed5 Ph\u1ea7n \u0110\u1ed3 H\u1ed9p H\u1ea1 Long\" \/>\n<meta property=\"article:modified_time\" content=\"2023-06-24T03:24:13+00:00\" \/>\n<meta property=\"og:image\" content=\"https:\/\/xucxich.mauthemewp.net\/wp-content\/uploads\/2023\/06\/Burger-Heo-Vi-Ot-Chuong-500g-min.png\" \/>\n\t<meta property=\"og:image:width\" content=\"2000\" \/>\n\t<meta property=\"og:image:height\" content=\"2000\" \/>\n\t<meta property=\"og:image:type\" content=\"image\/png\" \/>\n<meta name=\"twitter:card\" content=\"summary_large_image\" \/>\n<meta name=\"twitter:label1\" content=\"\u01af\u1edbc t\u00ednh th\u1eddi gian \u0111\u1ecdc\" \/>\n\t<meta name=\"twitter:data1\" content=\"3 ph\u00fat\" \/>\n<script type=\"application\/ld+json\" class=\"yoast-schema-graph\">{\"@context\":\"https:\/\/schema.org\",\"@graph\":[{\"@type\":\"WebPage\",\"@id\":\"https:\/\/xucxich.mauthemewp.net\/?product=pb002-burger-heo-vi-ot-chuong-500g-co-hang\",\"url\":\"https:\/\/xucxich.mauthemewp.net\/?product=pb002-burger-heo-vi-ot-chuong-500g-co-hang\",\"name\":\"PB002 - Burger Heo V\u1ecb \u1edat Chu\u00f4ng (500g) - (C\u00f3 h\u00e0ng) - C\u00f4ng Ty C\u1ed5 Ph\u1ea7n \u0110\u1ed3 H\u1ed9p H\u1ea1 Long\",\"isPartOf\":{\"@id\":\"https:\/\/xucxich.mauthemewp.net\/#website\"},\"primaryImageOfPage\":{\"@id\":\"https:\/\/xucxich.mauthemewp.net\/?product=pb002-burger-heo-vi-ot-chuong-500g-co-hang#primaryimage\"},\"image\":{\"@id\":\"https:\/\/xucxich.mauthemewp.net\/?product=pb002-burger-heo-vi-ot-chuong-500g-co-hang#primaryimage\"},\"thumbnailUrl\":\"https:\/\/xucxich.mauthemewp.net\/wp-content\/uploads\/2023\/06\/Burger-Heo-Vi-Ot-Chuong-500g-min.png\",\"datePublished\":\"2023-06-22T03:35:24+00:00\",\"dateModified\":\"2023-06-24T03:24:13+00:00\",\"breadcrumb\":{\"@id\":\"https:\/\/xucxich.mauthemewp.net\/?product=pb002-burger-heo-vi-ot-chuong-500g-co-hang#breadcrumb\"},\"inLanguage\":\"vi\",\"potentialAction\":[{\"@type\":\"ReadAction\",\"target\":[\"https:\/\/xucxich.mauthemewp.net\/?product=pb002-burger-heo-vi-ot-chuong-500g-co-hang\"]}]},{\"@type\":\"ImageObject\",\"inLanguage\":\"vi\",\"@id\":\"https:\/\/xucxich.mauthemewp.net\/?product=pb002-burger-heo-vi-ot-chuong-500g-co-hang#primaryimage\",\"url\":\"https:\/\/xucxich.mauthemewp.net\/wp-content\/uploads\/2023\/06\/Burger-Heo-Vi-Ot-Chuong-500g-min.png\",\"contentUrl\":\"https:\/\/xucxich.mauthemewp.net\/wp-content\/uploads\/2023\/06\/Burger-Heo-Vi-Ot-Chuong-500g-min.png\",\"width\":2000,\"height\":2000},{\"@type\":\"BreadcrumbList\",\"@id\":\"https:\/\/xucxich.mauthemewp.net\/?product=pb002-burger-heo-vi-ot-chuong-500g-co-hang#breadcrumb\",\"itemListElement\":[{\"@type\":\"ListItem\",\"position\":1,\"name\":\"Trang ch\u1ee7\",\"item\":\"https:\/\/xucxich.mauthemewp.net\/\"},{\"@type\":\"ListItem\",\"position\":2,\"name\":\"S\u1ea3n ph\u1ea9m\",\"item\":\"https:\/\/xucxich.mauthemewp.net\/?page_id=63\"},{\"@type\":\"ListItem\",\"position\":3,\"name\":\"T\u1ea5t c\u1ea3\",\"item\":\"https:\/\/xucxich.mauthemewp.net\/?product_cat=tat-ca\"},{\"@type\":\"ListItem\",\"position\":4,\"name\":\"PB002 &#8211; Burger Heo V\u1ecb \u1edat Chu\u00f4ng (500g) &#8211; (C\u00f3 h\u00e0ng)\"}]},{\"@type\":\"WebSite\",\"@id\":\"https:\/\/xucxich.mauthemewp.net\/#website\",\"url\":\"https:\/\/xucxich.mauthemewp.net\/\",\"name\":\"C\u00f4ng Ty C\u1ed5 Ph\u1ea7n \u0110\u1ed3 H\u1ed9p H\u1ea1 Long\",\"description\":\"\",\"potentialAction\":[{\"@type\":\"SearchAction\",\"target\":{\"@type\":\"EntryPoint\",\"urlTemplate\":\"https:\/\/xucxich.mauthemewp.net\/?s={search_term_string}\"},\"query-input\":{\"@type\":\"PropertyValueSpecification\",\"valueRequired\":true,\"valueName\":\"search_term_string\"}}],\"inLanguage\":\"vi\"}]}<\/script>\n<!-- \/ Yoast SEO plugin. -->","yoast_head_json":{"title":"PB002 - Burger Heo V\u1ecb \u1edat Chu\u00f4ng (500g) - (C\u00f3 h\u00e0ng) - C\u00f4ng Ty C\u1ed5 Ph\u1ea7n \u0110\u1ed3 H\u1ed9p H\u1ea1 Long","robots":{"index":"index","follow":"follow","max-snippet":"max-snippet:-1","max-image-preview":"max-image-preview:large","max-video-preview":"max-video-preview:-1"},"canonical":"https:\/\/xucxich.mauthemewp.net\/?product=pb002-burger-heo-vi-ot-chuong-500g-co-hang","og_locale":"vi_VN","og_type":"article","og_title":"PB002 - Burger Heo V\u1ecb \u1edat Chu\u00f4ng (500g) - (C\u00f3 h\u00e0ng) - C\u00f4ng Ty C\u1ed5 Ph\u1ea7n \u0110\u1ed3 H\u1ed9p H\u1ea1 Long","og_description":"Nh\u00e2n Burger Heo v\u1edbi h\u1ea1t ti\u00eau \u0111en, h\u1ea1t th\u00ec l\u00e0 v\u00e0 \u1edbt chu\u00f4ng. \u0110\u01b0\u1ee3c ch\u1ebf bi\u1ebfn t\u1eeb ngu\u1ed3n th\u1ecbt s\u1ea1ch t\u1eeb c\u00e1c trang tr\u1ea1i c\u00f3 ch\u1ee9ng nh\u1eadn ISO \u1edf Vi\u1ec7t Nam. M\u00f3n burger n\u00e0y h\u01b0\u1edbng \u0111\u1ebfn s\u1ef1 \u0111\u01a1n gi\u1ea3n v\u00e0 ch\u1ea5t l\u01b0\u1ee3ng, t\u1eeb h\u01b0\u01a1ng th\u01a1m, k\u1ebft c\u1ea5u v\u00e0 h\u01b0\u01a1ng v\u1ecb h\u00f2a quy\u1ec7n c\u1ee7a mu\u1ed1i, h\u1ea1t ti\u00eau \u0111en, \u1edbt chu\u00f4ng v\u00e0 th\u1ea3o m\u1ed9c t\u1ef1 nhi\u00ean tinh t\u1ebf. \u0110\u00e2y s\u1ebd l\u00e0 m\u00f3n kho\u00e1i kh\u1ea9u m\u1edbi c\u1ee7a c\u00e1c b\u1ea1n nh\u1ecf! N\u1ebfu b\u1ea1n c\u00f3 nhu c\u1ea7u mua s\u1ed1 l\u01b0\u1ee3ng l\u1edbn vui l\u00f2ng truy c\u1eadp wholesale.gamafoodservice.com ho\u1eb7c li\u00ean h\u1ec7 ch\u00fang t\u00f4i qua: \u0110i\u1ec7n tho\u1ea1i: 0243 207 6066 Email: gamafs.ltd@gmail.com","og_url":"https:\/\/xucxich.mauthemewp.net\/?product=pb002-burger-heo-vi-ot-chuong-500g-co-hang","og_site_name":"C\u00f4ng Ty C\u1ed5 Ph\u1ea7n \u0110\u1ed3 H\u1ed9p H\u1ea1 Long","article_modified_time":"2023-06-24T03:24:13+00:00","og_image":[{"width":2000,"height":2000,"url":"https:\/\/xucxich.mauthemewp.net\/wp-content\/uploads\/2023\/06\/Burger-Heo-Vi-Ot-Chuong-500g-min.png","type":"image\/png"}],"twitter_card":"summary_large_image","twitter_misc":{"\u01af\u1edbc t\u00ednh th\u1eddi gian \u0111\u1ecdc":"3 ph\u00fat"},"schema":{"@context":"https:\/\/schema.org","@graph":[{"@type":"WebPage","@id":"https:\/\/xucxich.mauthemewp.net\/?product=pb002-burger-heo-vi-ot-chuong-500g-co-hang","url":"https:\/\/xucxich.mauthemewp.net\/?product=pb002-burger-heo-vi-ot-chuong-500g-co-hang","name":"PB002 - Burger Heo V\u1ecb \u1edat Chu\u00f4ng (500g) - (C\u00f3 h\u00e0ng) - C\u00f4ng Ty C\u1ed5 Ph\u1ea7n \u0110\u1ed3 H\u1ed9p H\u1ea1 Long","isPartOf":{"@id":"https:\/\/xucxich.mauthemewp.net\/#website"},"primaryImageOfPage":{"@id":"https:\/\/xucxich.mauthemewp.net\/?product=pb002-burger-heo-vi-ot-chuong-500g-co-hang#primaryimage"},"image":{"@id":"https:\/\/xucxich.mauthemewp.net\/?product=pb002-burger-heo-vi-ot-chuong-500g-co-hang#primaryimage"},"thumbnailUrl":"https:\/\/xucxich.mauthemewp.net\/wp-content\/uploads\/2023\/06\/Burger-Heo-Vi-Ot-Chuong-500g-min.png","datePublished":"2023-06-22T03:35:24+00:00","dateModified":"2023-06-24T03:24:13+00:00","breadcrumb":{"@id":"https:\/\/xucxich.mauthemewp.net\/?product=pb002-burger-heo-vi-ot-chuong-500g-co-hang#breadcrumb"},"inLanguage":"vi","potentialAction":[{"@type":"ReadAction","target":["https:\/\/xucxich.mauthemewp.net\/?product=pb002-burger-heo-vi-ot-chuong-500g-co-hang"]}]},{"@type":"ImageObject","inLanguage":"vi","@id":"https:\/\/xucxich.mauthemewp.net\/?product=pb002-burger-heo-vi-ot-chuong-500g-co-hang#primaryimage","url":"https:\/\/xucxich.mauthemewp.net\/wp-content\/uploads\/2023\/06\/Burger-Heo-Vi-Ot-Chuong-500g-min.png","contentUrl":"https:\/\/xucxich.mauthemewp.net\/wp-content\/uploads\/2023\/06\/Burger-Heo-Vi-Ot-Chuong-500g-min.png","width":2000,"height":2000},{"@type":"BreadcrumbList","@id":"https:\/\/xucxich.mauthemewp.net\/?product=pb002-burger-heo-vi-ot-chuong-500g-co-hang#breadcrumb","itemListElement":[{"@type":"ListItem","position":1,"name":"Trang ch\u1ee7","item":"https:\/\/xucxich.mauthemewp.net\/"},{"@type":"ListItem","position":2,"name":"S\u1ea3n ph\u1ea9m","item":"https:\/\/xucxich.mauthemewp.net\/?page_id=63"},{"@type":"ListItem","position":3,"name":"T\u1ea5t c\u1ea3","item":"https:\/\/xucxich.mauthemewp.net\/?product_cat=tat-ca"},{"@type":"ListItem","position":4,"name":"PB002 &#8211; Burger Heo V\u1ecb \u1edat Chu\u00f4ng (500g) &#8211; (C\u00f3 h\u00e0ng)"}]},{"@type":"WebSite","@id":"https:\/\/xucxich.mauthemewp.net\/#website","url":"https:\/\/xucxich.mauthemewp.net\/","name":"C\u00f4ng Ty C\u1ed5 Ph\u1ea7n \u0110\u1ed3 H\u1ed9p H\u1ea1 Long","description":"","potentialAction":[{"@type":"SearchAction","target":{"@type":"EntryPoint","urlTemplate":"https:\/\/xucxich.mauthemewp.net\/?s={search_term_string}"},"query-input":{"@type":"PropertyValueSpecification","valueRequired":true,"valueName":"search_term_string"}}],"inLanguage":"vi"}]}},"_links":{"self":[{"href":"https:\/\/xucxich.mauthemewp.net\/index.php?rest_route=\/wp\/v2\/product\/3063"}],"collection":[{"href":"https:\/\/xucxich.mauthemewp.net\/index.php?rest_route=\/wp\/v2\/product"}],"about":[{"href":"https:\/\/xucxich.mauthemewp.net\/index.php?rest_route=\/wp\/v2\/types\/product"}],"replies":[{"embeddable":true,"href":"https:\/\/xucxich.mauthemewp.net\/index.php?rest_route=%2Fwp%2Fv2%2Fcomments&post=3063"}],"wp:featuredmedia":[{"embeddable":true,"href":"https:\/\/xucxich.mauthemewp.net\/index.php?rest_route=\/wp\/v2\/media\/3064"}],"wp:attachment":[{"href":"https:\/\/xucxich.mauthemewp.net\/index.php?rest_route=%2Fwp%2Fv2%2Fmedia&parent=3063"}],"wp:term":[{"taxonomy":"product_cat","embeddable":true,"href":"https:\/\/xucxich.mauthemewp.net\/index.php?rest_route=%2Fwp%2Fv2%2Fproduct_cat&post=3063"},{"taxonomy":"product_tag","embeddable":true,"href":"https:\/\/xucxich.mauthemewp.net\/index.php?rest_route=%2Fwp%2Fv2%2Fproduct_tag&post=3063"}],"curies":[{"name":"wp","href":"https:\/\/api.w.org\/{rel}","templated":true}]}}